{"id":281,"date":"2022-02-23T12:31:08","date_gmt":"2022-02-23T12:31:08","guid":{"rendered":"https:\/\/huisgeuronline.nl\/?page_id=281"},"modified":"2022-03-13T16:16:38","modified_gmt":"2022-03-13T16:16:38","slug":"voordelen","status":"publish","type":"page","link":"https:\/\/huisgeuronline.nl\/index.php\/voordelen\/","title":{"rendered":"Voordelen"},"content":{"rendered":"\n<div id=\"section-gd787dd\" class=\"wp-block-gutentor-e1 section-gd787dd gutentor-element gutentor-element-advanced-text text-align-center-desktop\"><div class=\"gutentor-text-wrap\"><p class=\"gutentor-text\">VOORDELEN OP EEN RIJ<\/p><\/div><\/div>\n\n\n\n<div id=\"section-g0dfd6e\" class=\"wp-block-gutentor-e1 section-g0dfd6e gutentor-element gutentor-element-advanced-text text-align-center-desktop\"><div class=\"gutentor-text-wrap\"><p class=\"gutentor-text\">Een heerlijk ruikend huis, wie wil dat nou niet?<br><br>Iedere maand krijgt u bij het aangaan van onze abonnementsservice een nieuwe geur <br>opgestuurd van klein formaat, genoeg voor het gebruik van \u00e9\u00e9n maand.<br><br>Dit concept biedt \u00fa grote voordelen:<\/p><\/div><\/div>\n\n\n\n<section id=\"section-6af8c880-9847-4167-abe8-54b2a4efb296\" class=\"wp-block-gutentor-icon-box gutentor-section gutentor-icon-wrapper icon-template2 has-color-bg has-custom-bg\"><div class=\"grid-container\"><div class=\"grid-row gutentor-grid-item-wrap\"><div class=\"gutentor-grid-column grid-lg-3 grid-md-4 grid-12\"><div class=\"gutentor-single-item gutentor-icon gutentor-single-item-0\"><div class=\"gutentor-single-item-wrap\"><div class=\"gutentor-single-item-icon-box\"><i class=\"fas fa-coins\"><\/i><\/div><div class=\"gutentor-single-item-content\"><h4 class=\"gutentor-single-item-title\">Geen duur fullsize product<\/h4><p class=\"gutentor-single-item-desc\">U kunt allerlei geuren uitproberen zonder dat u meteen een duur fullsize product (op de gok) moet kopen.<\/p><\/div><\/div><\/div><\/div><div class=\"gutentor-grid-column grid-lg-3 grid-md-4 grid-12\"><div class=\"gutentor-single-item gutentor-icon gutentor-single-item-1\"><div class=\"gutentor-single-item-wrap\"><div class=\"gutentor-single-item-icon-box\"><i class=\"fas fa-heart\"><\/i><\/div><div class=\"gutentor-single-item-content\"><h4 class=\"gutentor-single-item-title\">Kies \u00faw favoriet<\/h4><p class=\"gutentor-single-item-desc\">U kunt elke maand zelf de geur kiezen die \u00fa lekker vindt.<\/p><\/div><\/div><\/div><\/div><div class=\"gutentor-grid-column grid-lg-3 grid-md-4 grid-12\"><div class=\"gutentor-single-item gutentor-icon gutentor-single-item-2\"><div class=\"gutentor-single-item-wrap\"><div class=\"gutentor-single-item-icon-box\"><i class=\"fas fa-question\"><\/i><\/div><div class=\"gutentor-single-item-content\"><h4 class=\"gutentor-single-item-title\">Geurentest<\/h4><p class=\"gutentor-single-item-desc\">Ook is er gedacht aan degene die (nog) niet weet wat hij\/zij lekker vindt: via een geurentest wordt de geur gevonden die bij u past.<\/p><\/div><\/div><\/div><\/div><div class=\"gutentor-grid-column grid-lg-3 grid-md-4 grid-12\"><div class=\"gutentor-single-item gutentor-icon gutentor-single-item-3\"><div class=\"gutentor-single-item-wrap\"><div class=\"gutentor-single-item-icon-box\"><i class=\"fas fa-gift\"><\/i><\/div><div class=\"gutentor-single-item-content\"><h4 class=\"gutentor-single-item-title\">Hulp van geurexperts<\/h4><p class=\"gutentor-single-item-desc\">Maar ook voor de eeuwige twijfelaar die niet kan kiezen in geuren is deze service ideaal. Laat u verrassen met een geur die is uitgekozen door onze geurexperts.<\/p><\/div><\/div><\/div><\/div><div class=\"gutentor-grid-column grid-lg-3 grid-md-4 grid-12\"><div class=\"gutentor-single-item gutentor-icon gutentor-single-item-4\"><div class=\"gutentor-single-item-wrap\"><div class=\"gutentor-single-item-icon-box\"><i class=\"fas fa-calendar-alt\"><\/i><\/div><div class=\"gutentor-single-item-content\"><h4 class=\"gutentor-single-item-title\">Afwisseling<\/h4><p class=\"gutentor-single-item-desc\">Of voor degene die simpelweg gewoon graag afwisselt. U kunt voor elke maand een andere geur toevoegen aan uw geurkalender.\u00a0<\/p><\/div><\/div><\/div><\/div><div class=\"gutentor-grid-column grid-lg-3 grid-md-4 grid-12\"><div class=\"gutentor-single-item gutentor-icon gutentor-single-item-5\"><div class=\"gutentor-single-item-wrap\"><div class=\"gutentor-single-item-icon-box\"><i class=\"fas fa-user-circle\"><\/i><\/div><div class=\"gutentor-single-item-content\"><h4 class=\"gutentor-single-item-title\">Profiel die voorkeuren opslaat<\/h4><p class=\"gutentor-single-item-desc\">Uw profiel slaat uw geurvoorkeuren op. Zo kunt u deze gemakkelijk terug vinden.<\/p><\/div><\/div><\/div><\/div><div class=\"gutentor-grid-column grid-lg-3 grid-md-4 grid-12\"><div class=\"gutentor-single-item gutentor-icon gutentor-single-item-6\"><div class=\"gutentor-single-item-wrap\"><div class=\"gutentor-single-item-icon-box\"><i class=\"fas fa-truck\"><\/i><\/div><div class=\"gutentor-single-item-content\"><h4 class=\"gutentor-single-item-title\">Automatisch verstuurd<\/h4><p class=\"gutentor-single-item-desc\">Elke maand wordt er automatisch een product naar u opgestuurd. Zo hoeft u niet telkens na te denken om deze opnieuw te bestellen.<\/p><\/div><\/div><\/div><\/div><div class=\"gutentor-grid-column grid-lg-3 grid-md-4 grid-12\"><div class=\"gutentor-single-item gutentor-icon gutentor-single-item-7\"><div class=\"gutentor-single-item-wrap\"><div class=\"gutentor-single-item-icon-box\"><i class=\"fas fa-envelope\"><\/i><\/div><div class=\"gutentor-single-item-content\"><h4 class=\"gutentor-single-item-title\">Past door brievenbus<\/h4><p class=\"gutentor-single-item-desc\">De etherische geurolie past door de brievenbus, zo hoeft u niet thuis te zijn bij levering<\/p><\/div><\/div><\/div><\/div><\/div><\/div><\/section>\n\n\n\n<div id=\"section-g519185\" class=\"wp-block-gutentor-e1 section-g519185 gutentor-element gutentor-element-advanced-text text-align-center-desktop\"><div class=\"gutentor-text-wrap\"><p class=\"gutentor-text\">Kortom: ontdek iedere maand een huisgeur naar keuze,<br>voorzien van alle gemakken, om uw ultieme thuisgevoel te optimaliseren!<\/p><\/div><\/div>\n\n\n\n<div id=\"section-gf56a46\" class=\"wp-block-gutentor-m12 section-gf56a46 gutentor-module gutentor-module-quote\"><\/div>\n\n\n\n<div id=\"section-ge9716b\" class=\"wp-block-gutentor-e2 section-ge9716b gutentor-element gutentor-element-button button-align-center-desktop\"><span class=\"gutentor-button-wrap\"><a class=\"gutentor-button gutentor-block-button gutentor-icon-hide\" href=\"https:\/\/huisgeuronline.nl\/index.php\/abonneer\/\"><i class=\"gutentor-button-icon fas fa-book\"><\/i><span>ABONNEER HIER<\/span><\/a><\/span><\/div>\n","protected":false},"excerpt":{"rendered":"","protected":false},"author":1,"featured_media":0,"parent":0,"menu_order":0,"comment_status":"closed","ping_status":"closed","template":"template-gutentor-full-width.php","meta":{"_monsterinsights_skip_tracking":false,"_monsterinsights_sitenote_active":false,"_monsterinsights_sitenote_note":"","_monsterinsights_sitenote_category":0,"footnotes":""},"class_list":["post-281","page","type-page","status-publish","hentry"],"_links":{"self":[{"href":"https:\/\/huisgeuronline.nl\/index.php\/wp-json\/wp\/v2\/pages\/281","targetHints":{"allow":["GET"]}}],"collection":[{"href":"https:\/\/huisgeuronline.nl\/index.php\/wp-json\/wp\/v2\/pages"}],"about":[{"href":"https:\/\/huisgeuronline.nl\/index.php\/wp-json\/wp\/v2\/types\/page"}],"author":[{"embeddable":true,"href":"https:\/\/huisgeuronline.nl\/index.php\/wp-json\/wp\/v2\/users\/1"}],"replies":[{"embeddable":true,"href":"https:\/\/huisgeuronline.nl\/index.php\/wp-json\/wp\/v2\/comments?post=281"}],"version-history":[{"count":36,"href":"https:\/\/huisgeuronline.nl\/index.php\/wp-json\/wp\/v2\/pages\/281\/revisions"}],"predecessor-version":[{"id":1163,"href":"https:\/\/huisgeuronline.nl\/index.php\/wp-json\/wp\/v2\/pages\/281\/revisions\/1163"}],"wp:attachment":[{"href":"https:\/\/huisgeuronline.nl\/index.php\/wp-json\/wp\/v2\/media?parent=281"}],"curies":[{"name":"wp","href":"https:\/\/api.w.org\/{rel}","templated":true}]}}